{"id":23,"date":"2023-04-05T10:09:32","date_gmt":"2023-04-05T10:09:32","guid":{"rendered":"https:\/\/www.naujack.de\/?page_id=23"},"modified":"2026-01-29T15:22:43","modified_gmt":"2026-01-29T15:22:43","slug":"impressum","status":"publish","type":"page","link":"https:\/\/www.naujack.de\/index.php\/startseite\/impressum\/","title":{"rendered":"Impressum"},"content":{"rendered":"<p>Informationen gem\u00e4\u00df \u00a7 5 Digitale-Dienste-Gesetz (DDG)<\/p>\n<h3>Diese Internetseite bietet Ihnen an:<\/h3>\n<p style=\"padding-left: 80px;\">Rechtsanwalt Johannes Naujack<\/p>\n<p style=\"padding-left: 80px;\">Kaiser-Friedrich-Promenade 6, 61348 Bad Homburg v. d. H.<\/p>\n<p style=\"padding-left: 80px;\">Telefon: +49 6172 886986-0, Fax: +49 6172 886986-9<\/p>\n<p style=\"padding-left: 80px;\">Internet: www.naujack.de<\/p>\n<p><strong>Umsatzsteueridentifikationsnummer: <\/strong>DE32 58 36 413<\/p>\n<p><strong>Berufsbezeichnung und zust\u00e4ndige Kammern:<\/strong> Rechtsanwalt Naujack ist in der Bundesrepublik Deutschland zugelassen und Mitglied der Rechtsanwaltskammer Frankfurt am Main, Bockenheimer Anlage 36, 60322 Frankfurt am Main.<\/p>\n<p>F\u00fcr Rechtsanw\u00e4lte gelten insbesondere die folgenden berufsrechtlichen Regelungen, welche \u00fcber die Internetseite der Bundesrechtsanwaltskammer (www.brak.de) in der Rubrik \u201eBerufsrecht\u201c auf Deutsch und Englisch eingesehen und abgerufen werden k\u00f6nnen:<\/p>\n<ul>\n<li>Bundesrechtsanwaltsordnung (BRAO)<\/li>\n<li>Berufsordnung(BORA)<\/li>\n<li>Fachanwaltsordnung (FAO)<\/li>\n<li>Rechtsanwaltsverg\u00fctungsgesetz (RVG)<\/li>\n<li>Berufsregeln der Rechtsanw\u00e4lte der Europ\u00e4ischen Union (CCBE)<\/li>\n<\/ul>\n<h3>Berufshaftpflichtversicherung:<\/h3>\n<p>Allianz Versicherungs-Aktiengesellschaft, 10900 Berlin<\/p>\n<p>R\u00e4umlicher Geltungsbereich: im gesamten EU-Gebiet und den Staaten des Abkommens \u00fcber den Europ\u00e4ischen Wirtschaftsraum.<\/p>\n<h3>Inhaltlich verantwortlich gem\u00e4\u00df \u00a7 55 Abs. 2 RStV:<\/h3>\n<p>Rechtsanwalt Johannes Naujack<\/p>\n<p><strong>Haftungsausschluss:<\/strong>\u00a0Mit gr\u00f6\u00dftm\u00f6glicher Sorgfalt wurden die bereitgestellten Links ermittelt und f\u00fcr Sie zusammengestellt. Auf die aktuelle und zuk\u00fcnftige Gestaltung der verlinkten Internetseiten haben wir keinen Einfluss und sind daher f\u00fcr den Inhalt dieser verkn\u00fcpften Internetseiten auch nicht verantwortlich. Von illegalen, fehlerhaften oder unvollst\u00e4ndigen Inhalten distanzieren wir uns und \u00fcbernehmen keine Haftung f\u00fcr Sch\u00e4den, die durch die Nutzung oder Nichtnutzung der Informationen entstehen. Daf\u00fcr haftet allein der jeweilige Anbieter der Internetseite, auf die verlinkt wurde.<\/p>\n","protected":false},"excerpt":{"rendered":"<p>Informationen gem\u00e4\u00df \u00a7 5 Digitale-Dienste-Gesetz (DDG) Diese Internetseite bietet Ihnen an: Rechtsanwalt Johannes Naujack Kaiser-Friedrich-Promenade 6, 61348 Bad Homburg v. d. H. Telefon: +49 6172 886986-0, Fax: +49 6172 886986-9 Internet: www.naujack.de Umsatzsteueridentifikationsnummer: DE32 58 36 413 Berufsbezeichnung und zust\u00e4ndige Kammern: Rechtsanwalt Naujack ist in der Bundesrepublik Deutschland zugelassen und Mitglied der Rechtsanwaltskammer Frankfurt am [&hellip;]<\/p>\n","protected":false},"author":1,"featured_media":0,"parent":33,"menu_order":0,"comment_status":"closed","ping_status":"closed","template":"","meta":{"footnotes":""},"class_list":["post-23","page","type-page","status-publish","hentry"],"_links":{"self":[{"href":"https:\/\/www.naujack.de\/index.php\/wp-json\/wp\/v2\/pages\/23","targetHints":{"allow":["GET"]}}],"collection":[{"href":"https:\/\/www.naujack.de\/index.php\/wp-json\/wp\/v2\/pages"}],"about":[{"href":"https:\/\/www.naujack.de\/index.php\/wp-json\/wp\/v2\/types\/page"}],"author":[{"embeddable":true,"href":"https:\/\/www.naujack.de\/index.php\/wp-json\/wp\/v2\/users\/1"}],"replies":[{"embeddable":true,"href":"https:\/\/www.naujack.de\/index.php\/wp-json\/wp\/v2\/comments?post=23"}],"version-history":[{"count":7,"href":"https:\/\/www.naujack.de\/index.php\/wp-json\/wp\/v2\/pages\/23\/revisions"}],"predecessor-version":[{"id":75,"href":"https:\/\/www.naujack.de\/index.php\/wp-json\/wp\/v2\/pages\/23\/revisions\/75"}],"up":[{"embeddable":true,"href":"https:\/\/www.naujack.de\/index.php\/wp-json\/wp\/v2\/pages\/33"}],"wp:attachment":[{"href":"https:\/\/www.naujack.de\/index.php\/wp-json\/wp\/v2\/media?parent=23"}],"curies":[{"name":"wp","href":"https:\/\/api.w.org\/{rel}","templated":true}]}}