{"id":3,"date":"2023-04-05T09:34:33","date_gmt":"2023-04-05T09:34:33","guid":{"rendered":"https:\/\/www.naujack.de\/?page_id=3"},"modified":"2026-01-29T15:20:25","modified_gmt":"2026-01-29T15:20:25","slug":"datenschutzerklaerung","status":"publish","type":"page","link":"https:\/\/www.naujack.de\/index.php\/startseite\/datenschutzerklaerung\/","title":{"rendered":"Datenschutzerkl\u00e4rung"},"content":{"rendered":"<div class=\"container\">\n<div class=\"row\">\n<div class=\"col-12\">\n<p><span class=\"badge badge-light my-2\">Stand: 05.04.2023<\/span><\/p>\n<h2>Allgemeiner Teil<\/h2>\n<h3 class=\"mt-5\">Einleitung<\/h3>\n<p>Der Schutz Ihrer personenbezogenen Daten ist uns wichtig. Er ist wichtiger Bestandteil unserer Entwicklungs- und Vertriebst\u00e4tigkeit.<br \/>\nMit der folgenden Datenschutzerkl\u00e4rung m\u00f6chten wir Sie dar\u00fcber informieren, welche Arten von personenbezogenen Daten (im weiter Verlauf \u201eDaten\u201c) wir zu welchen Zwecken und in welchem Umfang verarbeiten.<\/p>\n<h3 class=\"mt-5\">Verantwortlicher<\/h3>\n<div class=\"font-weight-bold mb-5\">Rechtsanwalt\u00a0 und Notar Johannes Naujack<br \/>\nKaiser-Friedrich-Promenade 6<br \/>\n61348 Bad Homburg v. d. H.<br \/>\nkanzlei@naujack.de<\/div>\n<\/div>\n<\/div>\n<div>\n<h3 class=\"mt-5\">Datenschutzbeauftragter<\/h3>\n<p>MFM Datenschutz-Consulting GmbH<\/p>\n<p>datenschutz@datenschutzfrankfurt.de<\/p>\n<\/div>\n<div class=\"row\">\n<div class=\"col-12\">\n<h3 class=\"mt-5\">\u00dcbersicht der Verarbeitung<\/h3>\n<p>Nachfolgend erhalten Sie zun\u00e4chst eine \u00dcbersicht \u00fcber die Arten der verarbeiteten Daten und die von der Verarbeitung betroffenen Personen.<\/p>\n<h4>Typen der verarbeiteten Daten<\/h4>\n<p>Wir unterteilen die verarbeiteten Daten in folgende Typen:<\/p>\n<ol>\n<li><strong>Nutzungsdaten:<\/strong> Hierunter fallen insbesondere besuchte Internetseiten und inhaltliche Interessen.<\/li>\n<li><strong>Metadaten:<\/strong> Dies meint die beim Kommunikationsprozess anfallenden Daten, wie etwa IP-Adressen, Browserkennung und Ger\u00e4teangaben.<\/li>\n<li><strong>Inhaltsdaten:<\/strong> Diese meinen diejenigen Daten, die bei der Nutzung unserer Dienstleistungen selbst zur Verf\u00fcgung gestellt werden (Texte, Bilder, Formulare).<\/li>\n<li><strong>Kontaktdaten:<\/strong> Hierzu z\u00e4hlen E-Mailadressen, Telefonnummern und die postalische Anschrift.<\/li>\n<li><strong>Vertragsdaten:<\/strong> Die zum Vertragsschluss erforderlichen Daten wie der Gegenstand des Vertrages und die ihn schlie\u00dfenden Parteien.<\/li>\n<li><strong>Bestandsdaten:<\/strong> Das sind die bestehenden Kerndaten wie Namen und Adressen.<\/li>\n<li><strong>Geodaten:<\/strong> Hierunter fallen etwa der eigene Standort oder der innerhalb einer Route anvisierte Standort.<\/li>\n<li><strong>Zahlungsdaten:<\/strong> Daten \u00fcber Zahlungsmodalit\u00e4ten.<\/li>\n<li><strong>Besondere pesonenbezogene Daten:<\/strong> Besondere personenbezogener Daten sind Daten, aus denen die rassische und ethnische Herkunft, politische Meinungen, religi\u00f6se oder weltanschauliche \u00dcberzeugungen oder die Gewerkschaftszugeh\u00f6rigkeit hervorgehen, sowie genetischen Daten, biometrischen Daten zur eindeutigen Identifizierung einer nat\u00fcrlichen Person, Gesundheitsdaten oder Daten zum Sexualleben oder der sexuellen Orientierung.<\/li>\n<\/ol>\n<h4>Kategorien der betroffenen Personen<\/h4>\n<p>Wir unterteilen die von der Datenverarbeitung betroffenen Personen in die folgenden Kategorien:<\/p>\n<ol>\n<li><strong>Nutzer:<\/strong> Besucher unserer Webseiten und Onlinedienste.<\/li>\n<li><strong>Bewerber:<\/strong> Personen, die sich bei uns bewerben.<\/li>\n<li><strong>Interessenten:<\/strong> Personen, die Interesse an unseren Dienstleistungen haben und hier\u00fcber mit uns in Verbindung treten.<\/li>\n<li><strong>Kommunikationspartner:<\/strong> Personen, die Kommunikation mit uns aufnehmen.<\/li>\n<li><strong>Kunden:<\/strong> Personen, die unsere Dienstleistungen als Kunden in Anspruch nehmen.<\/li>\n<li><strong>Vertragspartner:<\/strong> Personen, mit denen wir vertragliche Beziehungen f\u00fchren, ohne dass diese Kunden sind.<\/li>\n<\/ol>\n<h4>Zwecke, zu deren Verfolgung die Verarbeitung erfolgt<\/h4>\n<p>Im Allgemeinen erfolgt die Verarbeitung personenbezogener Daten zu den folgenden Zwecken:<\/p>\n<ol>\n<li><strong>Bereitstellung unseres Onlineangebotes<\/strong>: Wir verarbeiten Daten, um unser Onlineangebot \u00fcberhaupt zur Verf\u00fcgung stellen zu k\u00f6nnen.<\/li>\n<li><strong>Sicherheitsma\u00dfnahmen<\/strong>: Ma\u00dfnahmen zum Schutz unserer technischen Infrastruktur<\/li>\n<li><strong>B\u00fcroorganisation<\/strong>: Ma\u00dfnahmen zur Organisation des B\u00fcros, bspw. Terminierung, Aufgabenteilung etc.<\/li>\n<li><strong>Durchf\u00fchrung des Bewerbungsverfahrens<\/strong>: Im Falle eines Bewerbungsverfahrens die Daten die innerhalb des Verfahrens verarbeiteten Daten.<\/li>\n<li><strong>Durchf\u00fchrung des Besch\u00e4ftigungsverh\u00e4ltnisses<\/strong>: Datenverarbeitung zum Zwecke der Durchf\u00fchrung, Verwaltung und Beendigung von Besch\u00e4ftigungsverh\u00e4ltnisses.<\/li>\n<\/ol>\n<h3 class=\"mt-5\">\u00dcbersicht und Erkl\u00e4rung der Rechtsgrundlagen<\/h3>\n<p>Im Folgenden informieren wir Sie \u00fcber die Rechtsgrundlagen der Datenschutzgrundverordnung (DSGVO), auf deren Basis wir personenbezogenen Daten verarbeiten. Zus\u00e4tzlich zu den Regelungen der DSGVO k\u00f6nnen nationale Regelungen des Wohn- bzw. Sitzlandes der jeweiligen Nutzer gelten.<\/p>\n<ol>\n<li><strong>Berechtigte Interessen (Art. 6 Abs. 1 S.1 lit. f DSGVO):<\/strong> Die Verarbeitung ist zur Wahrung der berechtigten Interessen des Verantwortlichen oder eines Dritten erforderlich, sofern nicht die Interessen oder Grundrechte und Grundfreiheiten der betroffenen Person, die den Schutz personenbezogener Daten erfordern, \u00fcberwiegen.<\/li>\n<li><strong>Vertragserf\u00fcllung und vorvertragliche Anfragen (Art. 6 Abs. 1 S. 1 lit. b. DSGVO):<\/strong> Die Verarbeitung ist f\u00fcr die Erf\u00fcllung eines Vertrags, dessen Vertragspartei die betroffene Person ist, oder zur Durchf\u00fchrung vorvertraglicher Ma\u00dfnahmen erforderlich, die auf Anfrage der betroffenen Person erfolgen.<\/li>\n<li><strong>Rechtliche Verpflichtung (Art. 6 Abs. 1 S. 1 lit. c. DSGVO):<\/strong> Die Verarbeitung ist zur Erf\u00fcllung einer rechtlichen Verpflichtung erforderlich, der der Verantwortliche unterliegt.<\/li>\n<li><strong>Schutz lebenswichtiger Interessen (Art. 6 Abs. 1 S. 1 lit. d. DSGVO):<\/strong> Die Verarbeitung ist erforderlich, um lebenswichtige Interessen der betroffenen Person oder einer anderen nat\u00fcrlichen Person zu sch\u00fctzen.<\/li>\n<li><strong>Bewerbungsverfahren als vorvertragliches bzw. vertragliches Verh\u00e4ltnis (Art. 9 Abs. 1 S. 1 lit. b DSGVO):<\/strong> (Soweit im Rahmen des Bewerbungsverfahrens besondere Kategorien von personenbezogenen Daten im Sinne des Art. 9 Abs. 1 DSGVO (z.B. Gesundheitsdaten, wie Schwerbehinderteneigenschaft oder ethnische Herkunft) bei Bewerbern angefragt werden, damit der Verantwortliche oder die betroffene Person die ihm bzw. ihr aus dem Arbeitsrecht und dem Recht der sozialen Sicherheit und des Sozialschutzes erwachsenden Rechte aus\u00fcben und seinen bzw. ihren diesbez\u00fcglichen Pflichten nachkommen kann, erfolgt deren Verarbeitung nach Art. 9 Abs. 2 lit. b. DSGVO, im Fall des Schutzes lebenswichtiger Interessen der Bewerber oder anderer Personen gem. Art. 9 Abs. 2 lit. c. DSGVO oder f\u00fcr Zwecke der Gesundheitsvorsorge oder der Arbeitsmedizin, f\u00fcr die Beurteilung der Arbeitsf\u00e4higkeit des Besch\u00e4ftigten, f\u00fcr die medizinische Diagnostik, die Versorgung oder Behandlung im Gesundheits- oder Sozialbereich oder f\u00fcr die Verwaltung von Systemen und Diensten im Gesundheits- oder Sozialbereich gem. Art. 9 Abs. 2 lit. h. DSGVO. Im Fall einer auf freiwilliger Einwilligung beruhenden Mitteilung von besonderen Kategorien von Daten, erfolgt deren Verarbeitung auf Grundlage von Art. 9 Abs. 2 lit. a. DSGVO.).<\/li>\n<li><strong>Datenverarbeitung f\u00fcr Zwecke des Besch\u00e4ftigungsverh\u00e4ltnisses (\u00a7 26 BDSG):<\/strong> Wir verarbeiten im Besch\u00e4ftigungsverh\u00e4ltnis auf Grundlage der gesetzlichen Bestimmung (besondere) Arten von personenbezogenen Daten zum Zwecke der Begr\u00fcndung, Durchf\u00fchrung und Beendigung des Besch\u00e4ftigungsverh\u00e4ltnisses.<\/li>\n<li><strong>Einwilligung (soweit abgefragt) (Art. 6 Abs. 1 S. 1 lit. a DSGVO):<\/strong> Die betroffene Person hat ihre Einwilligung in die Verarbeitung der sie betreffenden personenbezogenen Daten f\u00fcr einen spezifischen Zweck oder mehrere bestimmte Zwecke gegeben.<\/li>\n<li><strong>Speicherung von Informationen in der Endeinrichtung des Endnutzers mit dessen Zustimmung (\u00a7 25 Abs. 1 S. 1 TTDSG):<\/strong> Wir nutzen Speicherbereiche der Endeinrichtung des Endger\u00e4tes unserer Nutzer f\u00fcr bestimmte Funktionen mit der ausdr\u00fccklichen und informierten Zustimmung selbiger.<\/li>\n<li><strong>Speicherung von Informationen in der Endeinrichtung des Endnutzers wegen Notwendigkeit (\u00a7 25 Ab. 2 Nr. 2 TTDSG):<\/strong> Soweit wir Sie nicht bei Besuch unseres Webangebotes oder der Nutzung einezelner Funktionen um Erlaubnis gebeten haben, nutzen wir den Speicher Ihres Endger\u00e4tes zur technischen Darstellung und Auslieferung unseres Telemediendienstes, wenn dies technisch unbedingt erforderlich ist.<\/li>\n<li><strong>Verarbeitung zur Wahrnehmung eines \u00f6ffentlichen Interesses (Art. 6 Abs. 1 lit. e DSGVO):<\/strong> Soweit die Verabeitung zur Wahrnehmung einer Aufgabe erforderlich ist, die im \u00f6ffentlichen Interesse liegt oder in Aus\u00fcbung \u00f6ffentlicher Gewalt erfolgt, die dem Verantwortlichen \u00fcbertragen wurde.<\/li>\n<\/ol>\n<h3 class=\"mt-5\">Sicherheitsma\u00dfnahmen<\/h3>\n<p>Wir treffen nach Ma\u00dfgabe der gesetzlichen Vorgaben unter Ber\u00fccksichtigung des Standes der Technik, der Implementierungskosten und der Art, des Umfangs, der Umst\u00e4nde und der Zwecke der Verarbeitung sowie der unterschiedlichen Eintrittswahrscheinlichkeiten und des Ausma\u00dfes der Bedrohung der Rechte und Freiheiten nat\u00fcrlicher Personen geeignete technische und organisatorische Ma\u00dfnahmen, um ein dem Risiko angemessenes Schutzniveau zu gew\u00e4hrleisten, Art. 32 DSGVO.<br \/>\nZu den von uns getroffenen Sicherheitsma\u00dfnahmen geh\u00f6ren insbesondere die folgenden.<\/p>\n<ul>\n<li><strong>Secure Sockets Layer | Transport Layer Security (SSL)<\/strong>: Wir verwenden SSL \/ TLS zur verschl\u00fcsselten \u00dcbertragung der Daten zwischen den Endger\u00e4ten unserer Besucher und unserem Server. Auf diese Weise wird das Risiko einer unberechtigten Einsichtnahme in die \u00fcbertragenen Daten erheblich reduziert.<\/li>\n<\/ul>\n<h3 class=\"mt-5\">\u00dcbermittlung und Offenbarung von personenbezogenen Daten gegen\u00fcber Dritten<\/h3>\n<p>Im Rahmen unserer Verarbeitung von personenbezogenen Daten kommt es vor, dass die Daten an andere Stellen, Unternehmen, rechtlich selbstst\u00e4ndige Organisationseinheiten oder Personen \u00fcbermittelt oder Daten diesen gegen\u00fcber offengelegt werden. Zu den Empf\u00e4ngern dieser Daten k\u00f6nnen insbesondere geh\u00f6ren:<\/p>\n<ul>\n<li><strong>IT-Dienstleister<\/strong>: Hierzu z\u00e4hlen Dienstleister f\u00fcr die Erbringung von Hosting, Maildiensten und Servertechnik<\/li>\n<li><strong>Beh\u00f6rden<\/strong>: Staatliche Stellen, mit denen wir zur Auftragserf\u00fcllung oder aus gesetzlichen Gr\u00fcnden Daten austauschen.<\/li>\n<\/ul>\n<p>In einem solchen Fall gew\u00e4hrleisten wir den Schutz der personenbezogenen Daten, indem wir Vertr\u00e4ge bzw. Vereinbarungen mit den jeweiligen Dritten abschlie\u00dfen, die dem angemessenen Schutz der Daten dienen. Dritte, denen gegen\u00fcber wir Daten offenlegen, w\u00e4hlen wir sorgf\u00e4ltig und gewissenhaft aus.<br \/>\nSoweit wir zur Erbringung unserer Leistungen Drittanbieter oder Plattformen einsetzen, gelten im Verh\u00e4ltnis zwischen den Nutzern und den Anbietern die Gesch\u00e4ftsbedingungen und Datenschutzhinweise der jeweiligen Drittanbieter oder Plattformen.<\/p>\n<h3 class=\"mt-5\">Datenverarbeitung in Drittl\u00e4ndern<\/h3>\n<p>Soweit wir Daten in einem Drittland, also einem Land au\u00dferhalb der Europ\u00e4ischen Union oder des Europ\u00e4ischen Wirtschaftsraums, verarbeiten oder die Verarbeitung von Dritten au\u00dferhalb dieses Raumes vorgenommen wird, erfolgt diese Verarbeitung nur im Einklang mit den geltenden gesetzlichen Bestimmungen.<br \/>\nVorbehaltlich der ausdr\u00fccklichen Einwilligung der Betroffenen oder gesetzlich erforderlicher \u00dcbermittlungen verarbeiten wir oder lassen wir Daten nur in Drittl\u00e4ndern mit einem angemessenen Schutzniveau verarbeiten. Hierzu z\u00e4hlen insb. L\u00e4nder, die auf Grundlage besonderer Garantien, wie z.B. vertraglicher Verpflichtung durch sogenannte Standardschutzklauseln der EU-Kommission, des Vorliegens von Zertifizierungen oder verbindlicher interner Datenschutzvorschriften, verarbeiten (Art. 44 bis 49 DSGVO).<\/p>\n<h3 class=\"strong\">Allgemeiner Hinweis zur L\u00f6schung von Daten<\/h3>\n<p>Die von uns verarbeiteten Daten werden nach Ma\u00dfgabe der gesetzlichen Vorgaben gel\u00f6scht, sobald die Einwilligung zu deren Verarbeitung widerrufen worden ist oder sonstige Erlaubnisse (bspw. berechtigte Interessen, rechtliche Verpflichtungen etc.) entfallen.<br \/>\nSofern die Daten nicht gel\u00f6scht werden, weil sie f\u00fcr andere und gesetzlich zul\u00e4ssige Zwecke erforderlich sind, wird deren Verarbeitung auf diese Zwecke beschr\u00e4nkt. D.h., die Daten werden gesperrt und nicht f\u00fcr andere Zwecke verarbeitet. Das gilt z.B. f\u00fcr Daten, die aus handels- oder steuerrechtlichen Gr\u00fcnden aufbewahrt werden m\u00fcssen oder deren Speicherung zur Geltendmachung, Aus\u00fcbung oder Verteidigung von Rechtsanspr\u00fcchen oder zum Schutz der Rechte einer anderen nat\u00fcrlichen oder juristischen Person erforderlich ist.<br \/>\nWeitere Hinweise zur L\u00f6schung personenbezogener Daten erfolgen ggf. unter den einzelnen Punkten dieser Datenschutzerkl\u00e4rung.<\/p>\n<hr class=\"my-4\" \/>\n<h2>Besonderer Teil<\/h2>\n<h3 class=\"mt-5\">Einsatz von Cookies<\/h3>\n<p>Ein \u201eCookie\u201c ist eine kleine Textdatei, die auf Anforderung unserer Systeme und bei zulassender Einstellung des Browsers unseres Besuchers auf dessen Computer gespeichert wird. Dieses hat einen Schl\u00fcssel und einen Wert und dient der Identifizierung des Endger\u00e4tes \u00fcber einen Anfrage- Antwortzyklus hinaus (Perpetuierung der Sitzung). Schl\u00fcssel und Wert des Cookies werden dabei bei jeder Anfrage durch das setzende System verarbeitet.<br \/>\nNachfolgend finden Sie eine List der von uns eingesetzten Cookies und der dazugeh\u00f6rigen Informationen.<\/p>\n<div class=\"alert alert-success\">Wir verwenden standardm\u00e4\u00dfig keine Cookies.<\/div>\n<h3 class=\"mt-5\">Datenverarbeitung durch externe Dienstleister und Auftragsverarbeiter<\/h3>\n<h2>Rechte der betroffenen Personen<\/h2>\n<p>Den betroffenen Personen stehen Rechte zu, \u00fcber die wir Sie folgend informieren.<\/p>\n<ul>\n<li><strong>Widerspruchsrecht (Art. 21 DSGVO):<\/strong> Sie haben das Recht, aus Gr\u00fcnden, die sich aus Ihrer besonderen Situation ergeben, jederzeit gegen die Verarbeitung der Sie betreffenden personenbezogenen Daten, die aufgrund von Art. 6 Abs. 1 lit. e oder f DSGVO erfolgt, Widerspruch einzulegen; dies gilt auch f\u00fcr ein auf diese Bestimmungen gest\u00fctztes Profiling. Werden die Sie betreffenden personenbezogenen Daten verarbeitet, um Direktwerbung zu betreiben, haben Sie das Recht, jederzeit Widerspruch gegen die Verarbeitung der Sie betreffenden personenbezogenen Daten zum Zwecke derartiger Werbung einzulegen; dies gilt auch f\u00fcr das Profiling, soweit es mit solcher Direktwerbung in Verbindung steht.<\/li>\n<li><strong>Auskunftsrecht (Art. 15 DSGVO):<\/strong> Sie haben das Recht, eine Best\u00e4tigung dar\u00fcber zu verlangen, ob betreffende Daten verarbeitet werden und auf Auskunft \u00fcber diese Daten sowie auf weitere Informationen und Kopie der Daten entsprechend den gesetzlichen Vorgaben.<\/li>\n<li><strong>Recht auf Berichtigung (Art. 16 DSGVO):<\/strong> Sie haben entsprechend den gesetzlichen Vorgaben das Recht, die Vervollst\u00e4ndigung der Sie betreffenden Daten oder die Berichtigung der Sie betreffenden unrichtigen Daten zu verlangen.<\/li>\n<li><strong>Recht auf L\u00f6schung und Einschr\u00e4nkung der Verarbeitung (Art. 17, 18 DSGVO):<\/strong> Sie haben nach Ma\u00dfgabe der gesetzlichen Vorgaben das Recht, zu verlangen, dass Sie betreffende Daten unverz\u00fcglich gel\u00f6scht werden, bzw. alternativ nach Ma\u00dfgabe der gesetzlichen Vorgaben eine Einschr\u00e4nkung der Verarbeitung der Daten zu verlangen.<\/li>\n<li><strong>Recht auf Daten\u00fcbertragbarkeit (Art. 20 DSGVO):<\/strong> Sie haben das Recht, Sie betreffende Daten, die Sie uns bereitgestellt haben, nach Ma\u00dfgabe der gesetzlichen Vorgaben in einem strukturierten, g\u00e4ngigen und maschinenlesbaren Format zu erhalten oder deren \u00dcbermittlung an einen anderen Verantwortlichen zu fordern.<\/li>\n<li><strong>Beschwerde bei Aufsichtsbeh\u00f6rde (Art. 77 DSGVO):<\/strong> Sie haben ferner nach Ma\u00dfgabe der gesetzlichen Vorgaben das Recht, bei einer Aufsichtsbeh\u00f6rde, insbesondere in dem Mitgliedstaat Ihres gew\u00f6hnlichen Aufenthaltsorts, Ihres Arbeitsplatzes oder des Orts des mutma\u00dflichen Versto\u00dfes, wenn Sie der Ansicht sind, dass die Verarbeitung der Sie betreffenden personenbezogenen Daten gegen die DSGVO verst\u00f6\u00dft.<\/li>\n<li><strong>Widerrufsrecht bei Einwilligungen (Art. 7 Abs.3 DSGVO):<\/strong> Sie haben das Recht, erteilte Einwilligungen jederzeit gegen\u00fcber dem Verantwortlichen zu widerrufen.<\/li>\n<\/ul>\n<h2>Glossar<\/h2>\n<p>Im Folgenden erhalten Sie eine Liste mit Erkl\u00e4rungen der in diesem Zusammenhang am h\u00e4ufigsten verwendeten Begriffe.<\/p>\n<h3 class=\"mt-5\">Personenbezogene Daten<\/h3>\n<p>\u201ePersonenbezogene Daten\u201c sind alle Informationen, die sich auf eine identifizierte oder identifizierbare nat\u00fcrliche Person (im Folgenden \u201ebetroffene Person\u201c) beziehen; als identifizierbar wird eine nat\u00fcrliche Person angesehen, die direkt oder indirekt, insbesondere mittels Zuordnung zu einer Kennung wie einem Namen, zu einer Kennnummer, zu Standortdaten, zu einer Online-Kennung oder zu einem oder mehreren besonderen Merkmalen identifiziert werden kann, die Ausdruck der physischen, physiologischen, genetischen, psychischen, wirtschaftlichen, kulturellen oder sozialen Identit\u00e4t dieser nat\u00fcrlichen Person sind (vgl. Art. 4 Nr. 1 DSGVO)<\/p>\n<h3 class=\"mt-5\">Verarbeitung<\/h3>\n<p>\u201eVerarbeitung\u201c meint jeden mit oder ohne Hilfe automatisierter Verfahren ausgef\u00fchrten Vorgang oder jede solche Vorgangsreihe im Zusammenhang mit personenbezogenen Daten wie das Erheben, das Erfassen, die Organisation, das Ordnen, die Speicherung, die Anpassung oder Ver\u00e4nderung, das Auslesen, das Abfragen, die Verwendung, die Offenlegung durch \u00dcbermittlung, Verbreitung oder eine andere Form der Bereitstellung, den Abgleich oder die Verkn\u00fcpfung, die Einschr\u00e4nkung, das L\u00f6schen oder die Vernichtung (vgl. Art. 4 Nr. 2 DSGVO).<\/p>\n<h3 class=\"mt-5\">Verantwortlicher<\/h3>\n<p>Verantwortlicher\u201c ist die nat\u00fcrliche oder juristische Person, Beh\u00f6rde, Einrichtung oder andere Stelle, die allein oder gemeinsam mit anderen \u00fcber die Zwecke und Mittel der Verarbeitung von personenbezogenen Daten entscheidet; sind die Zwecke und Mittel dieser Verarbeitung durch das Unionsrecht oder das Recht der Mitgliedstaaten vorgegeben, so k\u00f6nnen der Verantwortliche beziehungsweise die bestimmten Kriterien seiner Benennung nach dem Unionsrecht oder dem Recht der Mitgliedstaaten vorgesehen werden (vgl. Art. 4 Nr. 7 DSGVO).<\/p>\n<h3 class=\"mt-5\">Auftragsverarbeiter<\/h3>\n<p>\u201eAuftragsverarbeiter\u201c ist eine nat\u00fcrliche oder juristische Person, Beh\u00f6rde, Einrichtung oder andere Stelle, die personenbezogene Daten im Auftrag des Verantwortlichen verarbeitet (vgl. Art. 4 Nr. 8 DSGVO).<\/p>\n<h3 class=\"mt-5\">Clicktracking<\/h3>\n<p>\u201eClicktracking\u201c erlaubt die Nachverfolgung ob und auf welche Schaltfl\u00e4che ein Nutzer geklickt hat, wohin dieser Klick den Nutzer gef\u00fchrt hat und ggf. von welcher Seite des Onlineangebotes der Klick ausging.<\/p>\n<\/div>\n<\/div>\n<\/div>\n<p>&nbsp;<\/p>\n","protected":false},"excerpt":{"rendered":"<p>Stand: 05.04.2023 Allgemeiner Teil Einleitung Der Schutz Ihrer personenbezogenen Daten ist uns wichtig. Er ist wichtiger Bestandteil unserer Entwicklungs- und Vertriebst\u00e4tigkeit. Mit der folgenden Datenschutzerkl\u00e4rung m\u00f6chten wir Sie dar\u00fcber informieren, welche Arten von personenbezogenen Daten (im weiter Verlauf \u201eDaten\u201c) wir zu welchen Zwecken und in welchem Umfang verarbeiten. Verantwortlicher Rechtsanwalt\u00a0 und Notar Johannes Naujack Kaiser-Friedrich-Promenade [&hellip;]<\/p>\n","protected":false},"author":1,"featured_media":0,"parent":33,"menu_order":0,"comment_status":"closed","ping_status":"open","template":"","meta":{"footnotes":""},"class_list":["post-3","page","type-page","status-publish","hentry"],"_links":{"self":[{"href":"https:\/\/www.naujack.de\/index.php\/wp-json\/wp\/v2\/pages\/3","targetHints":{"allow":["GET"]}}],"collection":[{"href":"https:\/\/www.naujack.de\/index.php\/wp-json\/wp\/v2\/pages"}],"about":[{"href":"https:\/\/www.naujack.de\/index.php\/wp-json\/wp\/v2\/types\/page"}],"author":[{"embeddable":true,"href":"https:\/\/www.naujack.de\/index.php\/wp-json\/wp\/v2\/users\/1"}],"replies":[{"embeddable":true,"href":"https:\/\/www.naujack.de\/index.php\/wp-json\/wp\/v2\/comments?post=3"}],"version-history":[{"count":9,"href":"https:\/\/www.naujack.de\/index.php\/wp-json\/wp\/v2\/pages\/3\/revisions"}],"predecessor-version":[{"id":72,"href":"https:\/\/www.naujack.de\/index.php\/wp-json\/wp\/v2\/pages\/3\/revisions\/72"}],"up":[{"embeddable":true,"href":"https:\/\/www.naujack.de\/index.php\/wp-json\/wp\/v2\/pages\/33"}],"wp:attachment":[{"href":"https:\/\/www.naujack.de\/index.php\/wp-json\/wp\/v2\/media?parent=3"}],"curies":[{"name":"wp","href":"https:\/\/api.w.org\/{rel}","templated":true}]}}